{"id":4477,"date":"2026-02-13T09:47:49","date_gmt":"2026-02-13T08:47:49","guid":{"rendered":"https:\/\/kreisschuetzenverband-moor.de\/staging\/?page_id=4477"},"modified":"2026-02-14T11:04:34","modified_gmt":"2026-02-14T10:04:34","slug":"delegiertentag-2026","status":"publish","type":"page","link":"https:\/\/kreisschuetzenverband-moor.de\/staging\/?page_id=4477","title":{"rendered":"Delegiertentag 2026"},"content":{"rendered":"\t\t<div data-elementor-type=\"wp-page\" data-elementor-id=\"4477\" class=\"elementor elementor-4477\">\n\t\t\t\t<div class=\"elementor-element elementor-element-9f2e6ab e-flex e-con-boxed wpr-particle-no wpr-jarallax-no wpr-parallax-no wpr-sticky-section-no e-con e-parent\" data-id=\"9f2e6ab\" data-element_type=\"container\" data-e-type=\"container\">\n\t\t\t\t\t<div class=\"e-con-inner\">\n\t\t\t\t<div class=\"elementor-element elementor-element-e73fc93 elementor-widget elementor-widget-spacer\" data-id=\"e73fc93\" data-element_type=\"widget\" data-e-type=\"widget\" data-widget_type=\"spacer.default\">\n\t\t\t\t<div class=\"elementor-widget-container\">\n\t\t\t\t\t\t\t<div class=\"elementor-spacer\">\n\t\t\t<div class=\"elementor-spacer-inner\"><\/div>\n\t\t<\/div>\n\t\t\t\t\t\t<\/div>\n\t\t\t\t<\/div>\n\t\t\t\t\t<\/div>\n\t\t\t\t<\/div>\n\t\t<div class=\"elementor-element elementor-element-b6103f9 e-flex e-con-boxed wpr-particle-no wpr-jarallax-no wpr-parallax-no wpr-sticky-section-no e-con e-parent\" data-id=\"b6103f9\" data-element_type=\"container\" data-e-type=\"container\">\n\t\t\t\t\t<div class=\"e-con-inner\">\n\t\t\t\t<div class=\"elementor-element elementor-element-5995321 elementor-widget elementor-widget-heading\" data-id=\"5995321\" data-element_type=\"widget\" data-e-type=\"widget\" data-widget_type=\"heading.default\">\n\t\t\t\t<div class=\"elementor-widget-container\">\n\t\t\t\t\t<h2 class=\"elementor-heading-title elementor-size-default\">Kreisdelegiertenversammlung am 12.02.2026<\/h2>\t\t\t\t<\/div>\n\t\t\t\t<\/div>\n\t\t<div class=\"elementor-element elementor-element-d3615fe e-con-full e-flex wpr-particle-no wpr-jarallax-no wpr-parallax-no wpr-sticky-section-no e-con e-child\" data-id=\"d3615fe\" data-element_type=\"container\" data-e-type=\"container\">\n\t\t\t\t<div class=\"elementor-element elementor-element-b48b828 elementor-widget-mobile__width-initial elementor-widget elementor-widget-text-editor\" data-id=\"b48b828\" data-element_type=\"widget\" data-e-type=\"widget\" data-widget_type=\"text-editor.default\">\n\t\t\t\t<div class=\"elementor-widget-container\">\n\t\t\t\t\t\t\t\t\t<p class=\"x_MsoNormal\" data-olk-copy-source=\"MessageBody\">Am 12.02.2026 fand unsere diesj\u00e4hrige Delegiertenversammlung des Kreissch\u00fctzenverbandes Moor<br \/>beim Sch\u00fctzenverein Vollersode statt.<br \/>Die Pr\u00e4sidentin, Annika Semken begr\u00fc\u00dfte die 12 Mitgliedvereine des Kreissch\u00fctzenverbandes Moor<br \/>und er\u00f6ffnete die Versammlung. Zum Gedenken der in 2025 verstorbenen erhoben sich die<br \/>Delegierten.<br \/>Nach den Gru\u00dfworten der B\u00fcrgermeisterin der Gemeinde Vollersode, Frau Angela Greff, wurde die<br \/>Beschlussf\u00e4higkeit der Versammlung festgestellt und die Niederschrift aus der letzten<br \/>Delegiertentagung genehmigt.<br \/>Neue Kreisk\u00f6nige sind die Kreisjugendk\u00f6nig Nils Monsees vom SV Hambergen, Kreisk\u00f6nigin Sina<br \/>Meyer vom SV Axstedt und Kreisk\u00f6nig Harald Finck vom SV Hellingst.<br \/>Es folgte die Ehrung verdienter Mitglieder aus den Vereinen. F\u00fcr Ihren Einsatz in den Vereinen<br \/>wurden ausgezeichnet: Ursula Br\u00fcnjes (SV Hellingst), Nina Br\u00fcnjes (SGS Teufelsmoor), Andr\u00e9 Stelljes<br \/>(SV Giehlermoor).<br \/>Der Pr\u00e4sidentin, die Sportleitung, die Damenleitung, die Jugendleitung und der Kassenwart gaben<br \/>ausf\u00fchrliche Berichte ab. Der Vorstand wurde einstimmig entlastet.<br \/>Der Kassenwart Peter Arndt und die Schriftf\u00fchrerin Karin Breden wurden einstimmig in ihren \u00c4mtern<br \/>best\u00e4tigt. Neuer Kassenpr\u00fcfer wurde Mark Zittlau.<br \/>Der Veranstaltungskalender wurde mit Terminen gef\u00fcllt. Wir freuen uns mit unseren heutigen<br \/>Gastgebern aus Vollersode auf die Feierlichkeiten zu ihrem 125-j\u00e4hrigen Bestehen.<\/p><p class=\"x_MsoNormal\">\u00a0<\/p>\t\t\t\t\t\t\t\t<\/div>\n\t\t\t\t<\/div>\n\t\t\t\t<\/div>\n\t\t\t\t\t<\/div>\n\t\t\t\t<\/div>\n\t\t<div class=\"elementor-element elementor-element-9f4dd46 e-flex e-con-boxed wpr-particle-no wpr-jarallax-no wpr-parallax-no wpr-sticky-section-no e-con e-parent\" data-id=\"9f4dd46\" data-element_type=\"container\" data-e-type=\"container\">\n\t\t\t\t\t<div class=\"e-con-inner\">\n\t\t\t\t<div class=\"elementor-element elementor-element-0d17bf5 gallery-spacing-custom elementor-widget elementor-widget-image-gallery\" data-id=\"0d17bf5\" data-element_type=\"widget\" data-e-type=\"widget\" data-widget_type=\"image-gallery.default\">\n\t\t\t\t<div class=\"elementor-widget-container\">\n\t\t\t\t\t\t\t<div class=\"elementor-image-gallery\">\n\t\t\t<div id='gallery-1' class='gallery galleryid-4477 gallery-columns-4 gallery-size-thumbnail'><figure class='gallery-item'>\n\t\t\t<div class='gallery-icon landscape'>\n\t\t\t\t<a data-elementor-open-lightbox=\"yes\" data-elementor-lightbox-slideshow=\"0d17bf5\" data-elementor-lightbox-title=\"2026_Deleg_Versammlung\" data-e-action-hash=\"#elementor-action%3Aaction%3Dlightbox%26settings%3DeyJpZCI6NDQ3OSwidXJsIjoiaHR0cHM6XC9cL2tyZWlzc2NodWV0emVudmVyYmFuZC1tb29yLmRlXC9zdGFnaW5nXC93cC1jb250ZW50XC91cGxvYWRzXC8yMDI2XC8wMlwvMjAyNl9EZWxlZ19WZXJzYW1tbHVuZy1zY2FsZWQuanBnIiwic2xpZGVzaG93IjoiMGQxN2JmNSJ9\" href='https:\/\/kreisschuetzenverband-moor.de\/staging\/wp-content\/uploads\/2026\/02\/2026_Deleg_Versammlung-scaled.jpg'><img decoding=\"async\" width=\"150\" height=\"150\" src=\"https:\/\/kreisschuetzenverband-moor.de\/staging\/wp-content\/uploads\/2026\/02\/2026_Deleg_Versammlung-150x150.jpg\" class=\"attachment-thumbnail size-thumbnail\" alt=\"\" aria-describedby=\"gallery-1-4479\" srcset=\"https:\/\/kreisschuetzenverband-moor.de\/staging\/wp-content\/uploads\/2026\/02\/2026_Deleg_Versammlung-150x150.jpg 150w, https:\/\/kreisschuetzenverband-moor.de\/staging\/wp-content\/uploads\/2026\/02\/2026_Deleg_Versammlung-600x600.jpg 600w\" sizes=\"(max-width: 150px) 100vw, 150px\" \/><\/a>\n\t\t\t<\/div>\n\t\t\t\t<figcaption class='wp-caption-text gallery-caption' id='gallery-1-4479'>\n\t\t\t\tBlick auf die Versammlung\n\t\t\t\t<\/figcaption><\/figure><figure class='gallery-item'>\n\t\t\t<div class='gallery-icon landscape'>\n\t\t\t\t<a data-elementor-open-lightbox=\"yes\" data-elementor-lightbox-slideshow=\"0d17bf5\" data-elementor-lightbox-title=\"2026_Deleg_Versammlung_1\" data-e-action-hash=\"#elementor-action%3Aaction%3Dlightbox%26settings%3DeyJpZCI6NDQ4MCwidXJsIjoiaHR0cHM6XC9cL2tyZWlzc2NodWV0emVudmVyYmFuZC1tb29yLmRlXC9zdGFnaW5nXC93cC1jb250ZW50XC91cGxvYWRzXC8yMDI2XC8wMlwvMjAyNl9EZWxlZ19WZXJzYW1tbHVuZ18xLXNjYWxlZC5qcGciLCJzbGlkZXNob3ciOiIwZDE3YmY1In0%3D\" href='https:\/\/kreisschuetzenverband-moor.de\/staging\/wp-content\/uploads\/2026\/02\/2026_Deleg_Versammlung_1-scaled.jpg'><img decoding=\"async\" width=\"150\" height=\"150\" src=\"https:\/\/kreisschuetzenverband-moor.de\/staging\/wp-content\/uploads\/2026\/02\/2026_Deleg_Versammlung_1-150x150.jpg\" class=\"attachment-thumbnail size-thumbnail\" alt=\"\" aria-describedby=\"gallery-1-4480\" srcset=\"https:\/\/kreisschuetzenverband-moor.de\/staging\/wp-content\/uploads\/2026\/02\/2026_Deleg_Versammlung_1-150x150.jpg 150w, https:\/\/kreisschuetzenverband-moor.de\/staging\/wp-content\/uploads\/2026\/02\/2026_Deleg_Versammlung_1-600x600.jpg 600w\" sizes=\"(max-width: 150px) 100vw, 150px\" \/><\/a>\n\t\t\t<\/div>\n\t\t\t\t<figcaption class='wp-caption-text gallery-caption' id='gallery-1-4480'>\n\t\t\t\tVerabschiedung K\u00f6nigshaus 2024\n\t\t\t\t<\/figcaption><\/figure><figure class='gallery-item'>\n\t\t\t<div class='gallery-icon landscape'>\n\t\t\t\t<a data-elementor-open-lightbox=\"yes\" data-elementor-lightbox-slideshow=\"0d17bf5\" data-elementor-lightbox-title=\"2026_Deleg_Versammlung_3\" data-e-action-hash=\"#elementor-action%3Aaction%3Dlightbox%26settings%3DeyJpZCI6NDQ4MiwidXJsIjoiaHR0cHM6XC9cL2tyZWlzc2NodWV0emVudmVyYmFuZC1tb29yLmRlXC9zdGFnaW5nXC93cC1jb250ZW50XC91cGxvYWRzXC8yMDI2XC8wMlwvMjAyNl9EZWxlZ19WZXJzYW1tbHVuZ18zLXNjYWxlZC5qcGciLCJzbGlkZXNob3ciOiIwZDE3YmY1In0%3D\" href='https:\/\/kreisschuetzenverband-moor.de\/staging\/wp-content\/uploads\/2026\/02\/2026_Deleg_Versammlung_3-scaled.jpg'><img decoding=\"async\" width=\"150\" height=\"150\" src=\"https:\/\/kreisschuetzenverband-moor.de\/staging\/wp-content\/uploads\/2026\/02\/2026_Deleg_Versammlung_3-150x150.jpg\" class=\"attachment-thumbnail size-thumbnail\" alt=\"\" aria-describedby=\"gallery-1-4482\" srcset=\"https:\/\/kreisschuetzenverband-moor.de\/staging\/wp-content\/uploads\/2026\/02\/2026_Deleg_Versammlung_3-150x150.jpg 150w, https:\/\/kreisschuetzenverband-moor.de\/staging\/wp-content\/uploads\/2026\/02\/2026_Deleg_Versammlung_3-600x600.jpg 600w\" sizes=\"(max-width: 150px) 100vw, 150px\" \/><\/a>\n\t\t\t<\/div>\n\t\t\t\t<figcaption class='wp-caption-text gallery-caption' id='gallery-1-4482'>\n\t\t\t\tK\u00f6nigshaus 2024 \u00fcbergibt die K\u00f6nigsketten\n\t\t\t\t<\/figcaption><\/figure><figure class='gallery-item'>\n\t\t\t<div class='gallery-icon landscape'>\n\t\t\t\t<a data-elementor-open-lightbox=\"yes\" data-elementor-lightbox-slideshow=\"0d17bf5\" data-elementor-lightbox-title=\"2026_Deleg_Versammlung_4\" data-e-action-hash=\"#elementor-action%3Aaction%3Dlightbox%26settings%3DeyJpZCI6NDQ4MywidXJsIjoiaHR0cHM6XC9cL2tyZWlzc2NodWV0emVudmVyYmFuZC1tb29yLmRlXC9zdGFnaW5nXC93cC1jb250ZW50XC91cGxvYWRzXC8yMDI2XC8wMlwvMjAyNl9EZWxlZ19WZXJzYW1tbHVuZ180LXNjYWxlZC5qcGciLCJzbGlkZXNob3ciOiIwZDE3YmY1In0%3D\" href='https:\/\/kreisschuetzenverband-moor.de\/staging\/wp-content\/uploads\/2026\/02\/2026_Deleg_Versammlung_4-scaled.jpg'><img loading=\"lazy\" decoding=\"async\" width=\"150\" height=\"150\" src=\"https:\/\/kreisschuetzenverband-moor.de\/staging\/wp-content\/uploads\/2026\/02\/2026_Deleg_Versammlung_4-150x150.jpg\" class=\"attachment-thumbnail size-thumbnail\" alt=\"\" aria-describedby=\"gallery-1-4483\" srcset=\"https:\/\/kreisschuetzenverband-moor.de\/staging\/wp-content\/uploads\/2026\/02\/2026_Deleg_Versammlung_4-150x150.jpg 150w, https:\/\/kreisschuetzenverband-moor.de\/staging\/wp-content\/uploads\/2026\/02\/2026_Deleg_Versammlung_4-600x600.jpg 600w\" sizes=\"(max-width: 150px) 100vw, 150px\" \/><\/a>\n\t\t\t<\/div>\n\t\t\t\t<figcaption class='wp-caption-text gallery-caption' id='gallery-1-4483'>\n\t\t\t\tK\u00f6nigshaus 2025: Nils Monsees, Sina Meyer und Harald Finck\n\t\t\t\t<\/figcaption><\/figure><figure class='gallery-item'>\n\t\t\t<div class='gallery-icon landscape'>\n\t\t\t\t<a data-elementor-open-lightbox=\"yes\" data-elementor-lightbox-slideshow=\"0d17bf5\" data-elementor-lightbox-title=\"2026_Deleg_Versammlung_5\" data-e-action-hash=\"#elementor-action%3Aaction%3Dlightbox%26settings%3DeyJpZCI6NDQ4NCwidXJsIjoiaHR0cHM6XC9cL2tyZWlzc2NodWV0emVudmVyYmFuZC1tb29yLmRlXC9zdGFnaW5nXC93cC1jb250ZW50XC91cGxvYWRzXC8yMDI2XC8wMlwvMjAyNl9EZWxlZ19WZXJzYW1tbHVuZ181LXNjYWxlZC5qcGciLCJzbGlkZXNob3ciOiIwZDE3YmY1In0%3D\" href='https:\/\/kreisschuetzenverband-moor.de\/staging\/wp-content\/uploads\/2026\/02\/2026_Deleg_Versammlung_5-scaled.jpg'><img loading=\"lazy\" decoding=\"async\" width=\"150\" height=\"150\" src=\"https:\/\/kreisschuetzenverband-moor.de\/staging\/wp-content\/uploads\/2026\/02\/2026_Deleg_Versammlung_5-150x150.jpg\" class=\"attachment-thumbnail size-thumbnail\" alt=\"\" aria-describedby=\"gallery-1-4484\" srcset=\"https:\/\/kreisschuetzenverband-moor.de\/staging\/wp-content\/uploads\/2026\/02\/2026_Deleg_Versammlung_5-150x150.jpg 150w, https:\/\/kreisschuetzenverband-moor.de\/staging\/wp-content\/uploads\/2026\/02\/2026_Deleg_Versammlung_5-600x600.jpg 600w\" sizes=\"(max-width: 150px) 100vw, 150px\" \/><\/a>\n\t\t\t<\/div>\n\t\t\t\t<figcaption class='wp-caption-text gallery-caption' id='gallery-1-4484'>\n\t\t\t\tDie Vorsitzenden stellen das neue K\u00f6nigshaus vor\n\t\t\t\t<\/figcaption><\/figure><figure class='gallery-item'>\n\t\t\t<div class='gallery-icon landscape'>\n\t\t\t\t<a data-elementor-open-lightbox=\"yes\" data-elementor-lightbox-slideshow=\"0d17bf5\" data-elementor-lightbox-title=\"2026_Deleg_Versammlung_6\" data-e-action-hash=\"#elementor-action%3Aaction%3Dlightbox%26settings%3DeyJpZCI6NDQ4NiwidXJsIjoiaHR0cHM6XC9cL2tyZWlzc2NodWV0emVudmVyYmFuZC1tb29yLmRlXC9zdGFnaW5nXC93cC1jb250ZW50XC91cGxvYWRzXC8yMDI2XC8wMlwvMjAyNl9EZWxlZ19WZXJzYW1tbHVuZ182LXNjYWxlZC5qcGciLCJzbGlkZXNob3ciOiIwZDE3YmY1In0%3D\" href='https:\/\/kreisschuetzenverband-moor.de\/staging\/wp-content\/uploads\/2026\/02\/2026_Deleg_Versammlung_6-scaled.jpg'><img loading=\"lazy\" decoding=\"async\" width=\"150\" height=\"150\" src=\"https:\/\/kreisschuetzenverband-moor.de\/staging\/wp-content\/uploads\/2026\/02\/2026_Deleg_Versammlung_6-150x150.jpg\" class=\"attachment-thumbnail size-thumbnail\" alt=\"\" aria-describedby=\"gallery-1-4486\" srcset=\"https:\/\/kreisschuetzenverband-moor.de\/staging\/wp-content\/uploads\/2026\/02\/2026_Deleg_Versammlung_6-150x150.jpg 150w, https:\/\/kreisschuetzenverband-moor.de\/staging\/wp-content\/uploads\/2026\/02\/2026_Deleg_Versammlung_6-600x600.jpg 600w\" sizes=\"(max-width: 150px) 100vw, 150px\" \/><\/a>\n\t\t\t<\/div>\n\t\t\t\t<figcaption class='wp-caption-text gallery-caption' id='gallery-1-4486'>\n\t\t\t\tEhrungen: Ursula Br\u00fcnjes, Andr\u00e9 Stelljes und Nina Br\u00fcnjes\n\t\t\t\t<\/figcaption><\/figure><figure class='gallery-item'>\n\t\t\t<div class='gallery-icon landscape'>\n\t\t\t\t<a data-elementor-open-lightbox=\"yes\" data-elementor-lightbox-slideshow=\"0d17bf5\" data-elementor-lightbox-title=\"2026_Deleg_Versammlung_7\" data-e-action-hash=\"#elementor-action%3Aaction%3Dlightbox%26settings%3DeyJpZCI6NDQ4NywidXJsIjoiaHR0cHM6XC9cL2tyZWlzc2NodWV0emVudmVyYmFuZC1tb29yLmRlXC9zdGFnaW5nXC93cC1jb250ZW50XC91cGxvYWRzXC8yMDI2XC8wMlwvMjAyNl9EZWxlZ19WZXJzYW1tbHVuZ183LXNjYWxlZC5qcGciLCJzbGlkZXNob3ciOiIwZDE3YmY1In0%3D\" href='https:\/\/kreisschuetzenverband-moor.de\/staging\/wp-content\/uploads\/2026\/02\/2026_Deleg_Versammlung_7-scaled.jpg'><img loading=\"lazy\" decoding=\"async\" width=\"150\" height=\"150\" src=\"https:\/\/kreisschuetzenverband-moor.de\/staging\/wp-content\/uploads\/2026\/02\/2026_Deleg_Versammlung_7-150x150.jpg\" class=\"attachment-thumbnail size-thumbnail\" alt=\"\" aria-describedby=\"gallery-1-4487\" srcset=\"https:\/\/kreisschuetzenverband-moor.de\/staging\/wp-content\/uploads\/2026\/02\/2026_Deleg_Versammlung_7-150x150.jpg 150w, https:\/\/kreisschuetzenverband-moor.de\/staging\/wp-content\/uploads\/2026\/02\/2026_Deleg_Versammlung_7-600x600.jpg 600w\" sizes=\"(max-width: 150px) 100vw, 150px\" \/><\/a>\n\t\t\t<\/div>\n\t\t\t\t<figcaption class='wp-caption-text gallery-caption' id='gallery-1-4487'>\n\t\t\t\tVorstand pr\u00e4sentiert die geehrten Mitglieder\n\t\t\t\t<\/figcaption><\/figure>\n\t\t<\/div>\n\t\t<\/div>\n\t\t\t\t\t\t<\/div>\n\t\t\t\t<\/div>\n\t\t\t\t\t<\/div>\n\t\t\t\t<\/div>\n\t\t\t\t<\/div>\n\t\t","protected":false},"excerpt":{"rendered":"<p>Kreisdelegiertenversammlung am 12.02.2026 Am 12.02.2026 fand unsere diesj\u00e4hrige Delegiertenversammlung des Kreissch\u00fctzenverbandes Moorbeim Sch\u00fctzenverein Vollersode statt.Die Pr\u00e4sidentin, Annika Semken begr\u00fc\u00dfte die 12 Mitgliedvereine des Kreissch\u00fctzenverbandes Moorund er\u00f6ffnete die Versammlung. Zum Gedenken der in 2025 verstorbenen erhoben sich dieDelegierten.Nach den Gru\u00dfworten der B\u00fcrgermeisterin der Gemeinde Vollersode, Frau Angela Greff, wurde dieBeschlussf\u00e4higkeit der Versammlung festgestellt und die Niederschrift aus der letztenDelegiertentagung genehmigt.Neue Kreisk\u00f6nige sind die Kreisjugendk\u00f6nig Nils Monsees vom SV Hambergen, Kreisk\u00f6nigin SinaMeyer vom SV Axstedt und Kreisk\u00f6nig Harald Finck vom SV Hellingst.Es folgte die Ehrung verdienter Mitglieder aus den Vereinen. F\u00fcr Ihren Einsatz in den Vereinenwurden ausgezeichnet: Ursula Br\u00fcnjes (SV Hellingst), Nina Br\u00fcnjes (SGS Teufelsmoor), Andr\u00e9 Stelljes(SV Giehlermoor).Der Pr\u00e4sidentin, die Sportleitung, die Damenleitung, die Jugendleitung und der Kassenwart gabenausf\u00fchrliche Berichte ab. Der Vorstand wurde einstimmig entlastet.Der Kassenwart Peter Arndt und die Schriftf\u00fchrerin Karin Breden wurden einstimmig in ihren \u00c4mternbest\u00e4tigt. Neuer Kassenpr\u00fcfer wurde Mark Zittlau.Der Veranstaltungskalender wurde mit Terminen gef\u00fcllt. Wir freuen uns mit unseren heutigenGastgebern aus Vollersode auf die Feierlichkeiten zu ihrem 125-j\u00e4hrigen Bestehen. \u00a0 Blick auf die Versammlung Verabschiedung K\u00f6nigshaus 2024 K\u00f6nigshaus 2024 \u00fcbergibt die K\u00f6nigsketten K\u00f6nigshaus 2025: Nils Monsees, Sina Meyer und Harald Finck Die Vorsitzenden stellen das neue K\u00f6nigshaus vor Ehrungen: Ursula Br\u00fcnjes, Andr\u00e9 Stelljes und Nina Br\u00fcnjes Vorstand pr\u00e4sentiert die geehrten Mitglieder<\/p>\n","protected":false},"author":1,"featured_media":0,"parent":0,"menu_order":0,"comment_status":"closed","ping_status":"closed","template":"elementor_header_footer","meta":{"ocean_post_layout":"","ocean_both_sidebars_style":"","ocean_both_sidebars_content_width":0,"ocean_both_sidebars_sidebars_width":0,"ocean_sidebar":"","ocean_second_sidebar":"","ocean_disable_margins":"enable","ocean_add_body_class":"","ocean_shortcode_before_top_bar":"","ocean_shortcode_after_top_bar":"","ocean_shortcode_before_header":"","ocean_shortcode_after_header":"","ocean_has_shortcode":"","ocean_shortcode_after_title":"","ocean_shortcode_before_footer_widgets":"","ocean_shortcode_after_footer_widgets":"","ocean_shortcode_before_footer_bottom":"","ocean_shortcode_after_footer_bottom":"","ocean_display_top_bar":"default","ocean_display_header":"default","ocean_header_style":"","ocean_center_header_left_menu":"","ocean_custom_header_template":"","ocean_custom_logo":0,"ocean_custom_retina_logo":0,"ocean_custom_logo_max_width":0,"ocean_custom_logo_tablet_max_width":0,"ocean_custom_logo_mobile_max_width":0,"ocean_custom_logo_max_height":0,"ocean_custom_logo_tablet_max_height":0,"ocean_custom_logo_mobile_max_height":0,"ocean_header_custom_menu":"","ocean_menu_typo_font_family":"","ocean_menu_typo_font_subset":"","ocean_menu_typo_font_size":0,"ocean_menu_typo_font_size_tablet":0,"ocean_menu_typo_font_size_mobile":0,"ocean_menu_typo_font_size_unit":"px","ocean_menu_typo_font_weight":"","ocean_menu_typo_font_weight_tablet":"","ocean_menu_typo_font_weight_mobile":"","ocean_menu_typo_transform":"","ocean_menu_typo_transform_tablet":"","ocean_menu_typo_transform_mobile":"","ocean_menu_typo_line_height":0,"ocean_menu_typo_line_height_tablet":0,"ocean_menu_typo_line_height_mobile":0,"ocean_menu_typo_line_height_unit":"","ocean_menu_typo_spacing":0,"ocean_menu_typo_spacing_tablet":0,"ocean_menu_typo_spacing_mobile":0,"ocean_menu_typo_spacing_unit":"","ocean_menu_link_color":"","ocean_menu_link_color_hover":"","ocean_menu_link_color_active":"","ocean_menu_link_background":"","ocean_menu_link_hover_background":"","ocean_menu_link_active_background":"","ocean_menu_social_links_bg":"","ocean_menu_social_hover_links_bg":"","ocean_menu_social_links_color":"","ocean_menu_social_hover_links_color":"","ocean_disable_title":"default","ocean_disable_heading":"default","ocean_post_title":"","ocean_post_subheading":"","ocean_post_title_style":"","ocean_post_title_background_color":"","ocean_post_title_background":0,"ocean_post_title_bg_image_position":"","ocean_post_title_bg_image_attachment":"","ocean_post_title_bg_image_repeat":"","ocean_post_title_bg_image_size":"","ocean_post_title_height":0,"ocean_post_title_bg_overlay":0.5,"ocean_post_title_bg_overlay_color":"","ocean_disable_breadcrumbs":"default","ocean_breadcrumbs_color":"","ocean_breadcrumbs_separator_color":"","ocean_breadcrumbs_links_color":"","ocean_breadcrumbs_links_hover_color":"","ocean_display_footer_widgets":"default","ocean_display_footer_bottom":"default","ocean_custom_footer_template":"","footnotes":""},"class_list":["post-4477","page","type-page","status-publish","hentry","entry"],"_links":{"self":[{"href":"https:\/\/kreisschuetzenverband-moor.de\/staging\/index.php?rest_route=\/wp\/v2\/pages\/4477","targetHints":{"allow":["GET"]}}],"collection":[{"href":"https:\/\/kreisschuetzenverband-moor.de\/staging\/index.php?rest_route=\/wp\/v2\/pages"}],"about":[{"href":"https:\/\/kreisschuetzenverband-moor.de\/staging\/index.php?rest_route=\/wp\/v2\/types\/page"}],"author":[{"embeddable":true,"href":"https:\/\/kreisschuetzenverband-moor.de\/staging\/index.php?rest_route=\/wp\/v2\/users\/1"}],"replies":[{"embeddable":true,"href":"https:\/\/kreisschuetzenverband-moor.de\/staging\/index.php?rest_route=%2Fwp%2Fv2%2Fcomments&post=4477"}],"version-history":[{"count":55,"href":"https:\/\/kreisschuetzenverband-moor.de\/staging\/index.php?rest_route=\/wp\/v2\/pages\/4477\/revisions"}],"predecessor-version":[{"id":4591,"href":"https:\/\/kreisschuetzenverband-moor.de\/staging\/index.php?rest_route=\/wp\/v2\/pages\/4477\/revisions\/4591"}],"wp:attachment":[{"href":"https:\/\/kreisschuetzenverband-moor.de\/staging\/index.php?rest_route=%2Fwp%2Fv2%2Fmedia&parent=4477"}],"curies":[{"name":"wp","href":"https:\/\/api.w.org\/{rel}","templated":true}]}}